{"id":116,"date":"2022-06-29T10:55:28","date_gmt":"2022-06-29T10:55:28","guid":{"rendered":"http:\/\/edese.ipportalegre.pt\/?page_id=116"},"modified":"2022-07-01T09:39:29","modified_gmt":"2022-07-01T09:39:29","slug":"localizacao","status":"publish","type":"page","link":"https:\/\/edese.ipportalegre.pt\/?page_id=116","title":{"rendered":"Localiza\u00e7\u00e3o"},"content":{"rendered":"\n<figure class=\"wp-block-image size-large\"><img loading=\"lazy\" decoding=\"async\" width=\"1024\" height=\"256\" src=\"http:\/\/edese.ipportalegre.pt\/wp-content\/uploads\/2022\/07\/ESECS_Recursos_Departamentos-1024x256.jpg\" alt=\"\" class=\"wp-image-138\" srcset=\"https:\/\/edese.ipportalegre.pt\/wp-content\/uploads\/2022\/07\/ESECS_Recursos_Departamentos-1024x256.jpg 1024w, https:\/\/edese.ipportalegre.pt\/wp-content\/uploads\/2022\/07\/ESECS_Recursos_Departamentos-300x75.jpg 300w, https:\/\/edese.ipportalegre.pt\/wp-content\/uploads\/2022\/07\/ESECS_Recursos_Departamentos-768x192.jpg 768w, https:\/\/edese.ipportalegre.pt\/wp-content\/uploads\/2022\/07\/ESECS_Recursos_Departamentos-1536x384.jpg 1536w, https:\/\/edese.ipportalegre.pt\/wp-content\/uploads\/2022\/07\/ESECS_Recursos_Departamentos.jpg 1920w\" sizes=\"auto, (max-width: 1024px) 100vw, 1024px\" \/><\/figure>\n\n\n\n<div style=\"height:50px\" aria-hidden=\"true\" class=\"wp-block-spacer\"><\/div>\n\n\n\n<p>O Encontro realiza-se no edif\u00edcio da <strong>ESCOLA SUPERIOR DE EDUCA\u00c7\u00c3O E CI\u00caNCIAS SOCIAIS<\/strong> do POLIT\u00c9CNICO DE PORTALEGRE, localizada na Pra\u00e7a da Rep\u00fablica, 23-25, em Portalegre.<\/p>\n\n\n\n<p><strong>Coordenadas:<\/strong><\/p>\n\n\n\n<p>Lat.\u00a039\u00ba17&#8217;24.045&#8221;N | Long. 7\u00ba25&#8217;48.446&#8221;W<\/p>\n\n\n\n<p><strong><a href=\"https:\/\/www.google.pt\/maps\/dir\/\/27,,+ESEP+-+Instituto+Polit\u00e9cnico+Portalegre,+Escola+De+Educa\u00e7\u00e3o.,+Pra\u00e7a+da+Rep\u00fablica+17,+7300-126+Portalegre\/@39.2897574,-7.4304625,19z\/data=!4m15!1m6!3m5!1s0xd17bd788a8ed9d3:0xbc4357748de8b32a!2sESEP+-+Instituto+Polit\u00e9cnico+Portalegre,+Escola+De+Educa\u00e7\u00e3o.!8m2!3d39.2897001!4d-7.4300769!4m7!1m0!1m5!1m1!1s0xd17bd788a8ed9d3:0xbc4357748de8b32a!2m2!1d-7.4300769!2d39.2897001\" target=\"_blank\" rel=\"noreferrer noopener\">Abrir mapa<\/a><\/strong><\/p>\n\n\n\n<div style=\"height:50px\" aria-hidden=\"true\" class=\"wp-block-spacer\"><\/div>\n","protected":false},"excerpt":{"rendered":"<p>O Encontro realiza-se no edif\u00edcio da ESCOLA SUPERIOR DE EDUCA\u00c7\u00c3O E CI\u00caNCIAS SOCIAIS do POLIT\u00c9CNICO<\/p>\n","protected":false},"author":1,"featured_media":0,"parent":0,"menu_order":0,"comment_status":"closed","ping_status":"closed","template":"","meta":{"footnotes":""},"class_list":["post-116","page","type-page","status-publish","hentry"],"_links":{"self":[{"href":"https:\/\/edese.ipportalegre.pt\/index.php?rest_route=\/wp\/v2\/pages\/116","targetHints":{"allow":["GET"]}}],"collection":[{"href":"https:\/\/edese.ipportalegre.pt\/index.php?rest_route=\/wp\/v2\/pages"}],"about":[{"href":"https:\/\/edese.ipportalegre.pt\/index.php?rest_route=\/wp\/v2\/types\/page"}],"author":[{"embeddable":true,"href":"https:\/\/edese.ipportalegre.pt\/index.php?rest_route=\/wp\/v2\/users\/1"}],"replies":[{"embeddable":true,"href":"https:\/\/edese.ipportalegre.pt\/index.php?rest_route=%2Fwp%2Fv2%2Fcomments&post=116"}],"version-history":[{"count":3,"href":"https:\/\/edese.ipportalegre.pt\/index.php?rest_route=\/wp\/v2\/pages\/116\/revisions"}],"predecessor-version":[{"id":140,"href":"https:\/\/edese.ipportalegre.pt\/index.php?rest_route=\/wp\/v2\/pages\/116\/revisions\/140"}],"wp:attachment":[{"href":"https:\/\/edese.ipportalegre.pt\/index.php?rest_route=%2Fwp%2Fv2%2Fmedia&parent=116"}],"curies":[{"name":"wp","href":"https:\/\/api.w.org\/{rel}","templated":true}]}}