{"id":15,"date":"2022-06-21T10:45:35","date_gmt":"2022-06-21T10:45:35","guid":{"rendered":"http:\/\/edese.ipportalegre.pt\/?page_id=15"},"modified":"2022-07-01T09:01:55","modified_gmt":"2022-07-01T09:01:55","slug":"15-2","status":"publish","type":"page","link":"https:\/\/edese.ipportalegre.pt\/","title":{"rendered":""},"content":{"rendered":"\n<div style=\"height:50px\" aria-hidden=\"true\" class=\"wp-block-spacer\"><\/div>\n\n\n\n<p class=\"has-medium-font-size\"><strong>ENQUADRAMENTO<\/strong><\/p>\n\n\n\n<p>A ARIPESE convida todos e todas a participarem no Encontro \u201cA Educa\u00e7\u00e3o para o Desenvolvimento nas ESE\u201d que se enquadra no projeto &#8220;A Educa\u00e7\u00e3o para o Desenvolvimento nas ESE: Diagn\u00f3stico e Capacita\u00e7\u00e3o&#8221;&nbsp;(A\u00e7\u00e3o financiada pelo Cam\u00f5es &#8211; Instituto da Coopera\u00e7\u00e3o e da L\u00edngua).&nbsp;As ESE s\u00e3o chamadas a se recriarem como espa\u00e7os de aprofundamento conceptual, de investiga\u00e7\u00e3o e de inova\u00e7\u00e3o pedag\u00f3gica no \u00e2mbito da educa\u00e7\u00e3o para o desenvolvimento (ED) e para a cidadania global (ECG). Vivemos um momento hist\u00f3rico em que as institui\u00e7\u00f5es de forma\u00e7\u00e3o (dos ensinos b\u00e1sico, secund\u00e1rio e superior) se confrontam com um enorme apelo \u00e0 sua pr\u00f3pria revitaliza\u00e7\u00e3o. Numa sociedade l\u00edquida (Bauman), fala-se da necessidade de a escola se metamorfosear (N\u00f3voa, 2022). A concretiza\u00e7\u00e3o de a\u00e7\u00f5es no \u00e2mbito da ED e da ECG \u00e9 seguramente fundamental nos modos de construir e viver novas formas da escola, valorizando sempre um humanismo universalista.&nbsp;<\/p>\n\n\n\n<p>Este Encontro pretende constituir-se como uma oportunidade para conjuntamente pensarmos o quadro estrat\u00e9gico da a\u00e7\u00e3o das ESE no desenvolvimento e efetiva implementa\u00e7\u00e3o da Estrat\u00e9gia Nacional de Educa\u00e7\u00e3o para o Desenvolvimento (ENED). Move-nos o apelo \u00e0 participa\u00e7\u00e3o de m\u00faltiplos p\u00fablicos, na promo\u00e7\u00e3o de pensamento cr\u00edtico e eticamente comprometido, bem como a desconstru\u00e7\u00e3o de estere\u00f3tipos e a defesa da n\u00e3o discrimina\u00e7\u00e3o, da igualdade e da dignidade de todos e de todas. Faremos nosso o credo do poeta Daniel Faria: &#8220;N\u00e3o acredito que cada um tenha o seu lugar \/ Acredito que cada um \u00e9 o lugar para os outros.&#8221;<\/p>\n\n\n\n<p class=\"has-small-font-size\">Carlos Teixeira, Presidente do Conselho Diretivo da ARIPESE<\/p>\n","protected":false},"excerpt":{"rendered":"<p>ENQUADRAMENTO A ARIPESE convida todos e todas a participarem no Encontro \u201cA Educa\u00e7\u00e3o para o<\/p>\n","protected":false},"author":1,"featured_media":0,"parent":0,"menu_order":0,"comment_status":"closed","ping_status":"closed","template":"","meta":{"footnotes":""},"class_list":["post-15","page","type-page","status-publish","hentry"],"_links":{"self":[{"href":"https:\/\/edese.ipportalegre.pt\/index.php?rest_route=\/wp\/v2\/pages\/15","targetHints":{"allow":["GET"]}}],"collection":[{"href":"https:\/\/edese.ipportalegre.pt\/index.php?rest_route=\/wp\/v2\/pages"}],"about":[{"href":"https:\/\/edese.ipportalegre.pt\/index.php?rest_route=\/wp\/v2\/types\/page"}],"author":[{"embeddable":true,"href":"https:\/\/edese.ipportalegre.pt\/index.php?rest_route=\/wp\/v2\/users\/1"}],"replies":[{"embeddable":true,"href":"https:\/\/edese.ipportalegre.pt\/index.php?rest_route=%2Fwp%2Fv2%2Fcomments&post=15"}],"version-history":[{"count":13,"href":"https:\/\/edese.ipportalegre.pt\/index.php?rest_route=\/wp\/v2\/pages\/15\/revisions"}],"predecessor-version":[{"id":135,"href":"https:\/\/edese.ipportalegre.pt\/index.php?rest_route=\/wp\/v2\/pages\/15\/revisions\/135"}],"wp:attachment":[{"href":"https:\/\/edese.ipportalegre.pt\/index.php?rest_route=%2Fwp%2Fv2%2Fmedia&parent=15"}],"curies":[{"name":"wp","href":"https:\/\/api.w.org\/{rel}","templated":true}]}}