{"id":70,"date":"2022-06-29T09:41:02","date_gmt":"2022-06-29T09:41:02","guid":{"rendered":"http:\/\/edese.ipportalegre.pt\/?page_id=70"},"modified":"2022-07-07T11:10:58","modified_gmt":"2022-07-07T11:10:58","slug":"programa","status":"publish","type":"page","link":"https:\/\/edese.ipportalegre.pt\/?page_id=70","title":{"rendered":"Programa"},"content":{"rendered":"\n<p class=\"has-white-color has-text-color has-background has-medium-font-size\" style=\"background-color:#0087ca\"><strong>11 julho 2022<\/strong> | Audit\u00f3rio<\/p>\n\n\n\n<figure class=\"wp-block-table is-style-stripes\"><table><tbody><tr><td class=\"has-text-align-center\" data-align=\"center\"><strong>09:00<\/strong><\/td><td><i class=\"fas fa-concierge-bell\"><\/i><\/td><td>Rece\u00e7\u00e3o<\/td><\/tr><tr><td class=\"has-text-align-center\" data-align=\"center\"><strong>09:15<\/strong><\/td><td><i class=\"fas fa-music\"><\/i><\/td><td><strong>Momento cultural<\/strong>&nbsp;(Escola de Artes do Norte Alentejano\/Conservat\u00f3rio Regional de Portalegre)<\/td><\/tr><tr><td class=\"has-text-align-center\" data-align=\"center\"><strong>09:30<\/strong><\/td><td><i class=\"fas fa-user\"><\/i><\/td><td><strong>Sess\u00e3o de Abertura<\/strong><br>Carlos Teixeira &#8211; Presidente da ARIPESE<br>Luis Loures &#8211; Presidente do Polit\u00e9cnico de Portalegre<\/td><\/tr><tr><td class=\"has-text-align-center\" data-align=\"center\"><strong>10:00<\/strong><\/td><td><i class=\"fas fa-chalkboard-teacher\"><\/i><\/td><td><strong>Confer\u00eancia: \u201cConstruindo escuelas democr\u00e1ticas que trabajen por la Justicia Social\u201d<\/strong><br><strong>F. Javier Murillo<\/strong>\u00a0(Universidad Aut\u00f3noma de Madrid, Espanha)\u00a0<a rel=\"noreferrer noopener\" href=\"https:\/\/www.fjaviermurillo.es\/\" target=\"_blank\">https:\/\/www.fjaviermurillo.es\/<\/a><br>Moderador: Paulo Morais Alexandre<br>Reuni\u00e3o Zoom<br><a href=\"https:\/\/videoconf-colibri.zoom.us\/1\/84840984672?pwd-UDkztH_GOXR6IWb4CaTE8yhLuAOIMs\">https:\/\/videoconf-colibri.zoom.us\/1\/84840984672?pwd-UDkztH_GOXR6IWb4CaTE8yhLuAOIMs<\/a><br>ID da reuni\u00e3o: 848 4098 4672 | Senha de acesso: 174092<\/td><\/tr><tr><td class=\"has-text-align-center\" data-align=\"center\"><strong>10:45<\/strong><\/td><td><i class=\"fas fa-people-arrows\"><\/i><\/td><td><strong>Debate<\/strong><\/td><\/tr><tr><td class=\"has-text-align-center\" data-align=\"center\"><strong>11:00<\/strong><\/td><td><i class=\"fas fa-coffee\"><\/i><\/td><td>Coffee break<\/td><\/tr><tr><td class=\"has-text-align-center\" data-align=\"center\"><strong>11:15<\/strong><\/td><td><i class=\"fas fa-chalkboard-teacher\"><\/i><\/td><td><strong>Confer\u00eancia:\u00a0&#8220;Construindo Processos de Transforma\u00e7\u00e3o da Educa\u00e7\u00e3o em Tempos de Incerteza&#8221;<\/strong><br><strong>Miguel de Barros<\/strong>\u00a0(Tiniguena \u201cesta terra \u00e9 nossa\u201d, Guin\u00e9-Bissau) <a rel=\"noreferrer noopener\" href=\"https:\/\/pt.m.wikipedia.org\/wiki\/Miguel_de_Barros\" target=\"_blank\">https:\/\/pt.m.wikipedia.org\/wiki\/Miguel_de_Barros<\/a><br><a rel=\"noreferrer noopener\" href=\"https:\/\/www.facebook.com\/tiniguena\/\" target=\"_blank\">https:\/\/www.facebook.com\/tiniguena\/<\/a><br>Moderador: La Salete Coelho<br>Reuni\u00e3o Zoom:<br><a href=\"https:\/\/videoconf-colibri.zoom.us\/j\/84840984672?pwd-UDkztH_GOXR6Iwb4CgTE8yhLuAOIMs\">https:\/\/videoconf-colibri.zoom.us\/j\/84840984672?pwd-UDkztH_GOXR6Iwb4CgTE8yhLuAOIMs<\/a><br>ID da reuni\u00e3o: 848 4098 4672 | Senha de acesso: 174092<\/td><\/tr><tr><td class=\"has-text-align-center\" data-align=\"center\"><strong>12:00<\/strong><\/td><td><i class=\"fas fa-people-arrows\"><\/i><\/td><td><strong>Debate<\/strong><\/td><\/tr><tr><td class=\"has-text-align-center\" data-align=\"center\"><strong>12:15<\/strong><\/td><td><i class=\"fas fa-user-friends\"><\/i><\/td><td><strong>Informa\u00e7\u00e3o sobre grupos de trabalho \/ pain\u00e9is tem\u00e1ticos<\/strong><\/td><\/tr><tr><td class=\"has-text-align-center\" data-align=\"center\"><strong>12:30<\/strong><\/td><td><i class=\"fas fa-utensils\"><\/i><\/td><td>Almo\u00e7o<\/td><\/tr><tr><td class=\"has-text-align-center\" data-align=\"center\"><strong>14:30<\/strong><\/td><td><i class=\"fas fa-chalkboard-teacher\"><\/i><\/td><td><strong>A forma\u00e7\u00e3o sobre a ENED nas ESE<\/strong><br>Sandra Fernandes e Hugo Marques\u00a0(Funda\u00e7\u00e3o Gon\u00e7alo da Silveira)<\/td><\/tr><tr><td class=\"has-text-align-center\" data-align=\"center\"><strong>15:00<\/strong><\/td><td><i class=\"fas fa-users\"><\/i><\/td><td><strong>Sess\u00e3o de trabalho<\/strong><br>Pequenos Grupos\u00a0(Reflex\u00e3o sobre a ENED e a a\u00e7\u00e3o das ESE)<br>Escolas Transformadoras(dinamiza\u00e7\u00e3o dos trabalhos)<\/td><\/tr><tr><td class=\"has-text-align-center\" data-align=\"center\"><strong>15:45<\/strong><\/td><td><i class=\"fas fa-chalkboard-teacher\"><\/i><\/td><td><strong>Plen\u00e1rio de apresenta\u00e7\u00e3o dos trabalhos de grupo<\/strong>&nbsp;(5 minutos por grupo)<\/td><\/tr><tr><td class=\"has-text-align-center\" data-align=\"center\"><strong>16:30<\/strong><\/td><td><i class=\"fas fa-coffee\"><\/i><\/td><td>Coffee break<\/td><\/tr><tr><td class=\"has-text-align-center\" data-align=\"center\"><strong>16:45<\/strong><\/td><td><i class=\"fas fa-chalkboard-teacher\"><\/i><\/td><td><strong>Apresenta\u00e7\u00e3o do estudo \u201cLevantamento sobre educa\u00e7\u00e3o para o desenvolvimento e educa\u00e7\u00e3o para a cidadania global nas ESE\u201d<\/strong>, decorrente do projeto &#8220;A Educa\u00e7\u00e3o para o Desenvolvimento nas ESE: Diagn\u00f3stico e Capacita\u00e7\u00e3o&#8221;&nbsp;(promovido pela ARIPESE e financiado pelo Cam\u00f5es &#8211; Instituto da Coopera\u00e7\u00e3o e da L\u00edngua)<\/td><\/tr><tr><td class=\"has-text-align-center\" data-align=\"center\"><strong>17:15<\/strong><\/td><td><i class=\"fas fa-pen-alt\"><\/i><\/td><td><strong>Assinatura da Carta de Compromisso sobre a ENED nas ESE<\/strong> (Presidentes \/ Diretores das ESE)<\/td><\/tr><tr><td class=\"has-text-align-center\" data-align=\"center\"><strong>17:30<\/strong><\/td><td><i class=\"fas fa-user\"><\/i><\/td><td><strong>Sess\u00e3o de Encerramento<\/strong><br>Pedro Teixeira &#8211; Secret\u00e1rio de Estado do Ensino Superior<br>Maria Jos\u00e9 Fernandes &#8211; Presidente do CCISP<br>Embaixador Jo\u00e3o Ribeiro de Almeida &#8211; Presidente do Cam\u00f5es, Instituto da Coopera\u00e7\u00e3o e da L\u00edngua, I.P<br>Carlos Teixeira &#8211; Presidente da ARIPESE<br>Luis Loures &#8211; Presidente do IPPortalegre<\/td><\/tr><tr><td class=\"has-text-align-center\" data-align=\"center\"><\/td><td><\/td><td><\/td><\/tr><\/tbody><\/table><\/figure>\n","protected":false},"excerpt":{"rendered":"<p>11 julho 2022 | Audit\u00f3rio 09:00 Rece\u00e7\u00e3o 09:15 Momento cultural&nbsp;(Escola de Artes do Norte Alentejano\/Conservat\u00f3rio<\/p>\n","protected":false},"author":1,"featured_media":0,"parent":0,"menu_order":0,"comment_status":"closed","ping_status":"closed","template":"","meta":{"footnotes":""},"class_list":["post-70","page","type-page","status-publish","hentry"],"_links":{"self":[{"href":"https:\/\/edese.ipportalegre.pt\/index.php?rest_route=\/wp\/v2\/pages\/70","targetHints":{"allow":["GET"]}}],"collection":[{"href":"https:\/\/edese.ipportalegre.pt\/index.php?rest_route=\/wp\/v2\/pages"}],"about":[{"href":"https:\/\/edese.ipportalegre.pt\/index.php?rest_route=\/wp\/v2\/types\/page"}],"author":[{"embeddable":true,"href":"https:\/\/edese.ipportalegre.pt\/index.php?rest_route=\/wp\/v2\/users\/1"}],"replies":[{"embeddable":true,"href":"https:\/\/edese.ipportalegre.pt\/index.php?rest_route=%2Fwp%2Fv2%2Fcomments&post=70"}],"version-history":[{"count":27,"href":"https:\/\/edese.ipportalegre.pt\/index.php?rest_route=\/wp\/v2\/pages\/70\/revisions"}],"predecessor-version":[{"id":146,"href":"https:\/\/edese.ipportalegre.pt\/index.php?rest_route=\/wp\/v2\/pages\/70\/revisions\/146"}],"wp:attachment":[{"href":"https:\/\/edese.ipportalegre.pt\/index.php?rest_route=%2Fwp%2Fv2%2Fmedia&parent=70"}],"curies":[{"name":"wp","href":"https:\/\/api.w.org\/{rel}","templated":true}]}}